{"id":1011,"date":"2025-10-21T14:32:55","date_gmt":"2025-10-21T12:32:55","guid":{"rendered":"https:\/\/cortex21.com\/?page_id=1011"},"modified":"2026-02-26T11:05:19","modified_gmt":"2026-02-26T10:05:19","slug":"impressum","status":"publish","type":"page","link":"https:\/\/cortex21.com\/en\/impressum\/","title":{"rendered":"Imprint"},"content":{"rendered":"<div data-elementor-type=\"wp-page\" data-elementor-id=\"1011\" class=\"elementor elementor-1011\" data-elementor-post-type=\"page\">\n\t\t\t\t<div class=\"elementor-element elementor-element-ed020f9 e-flex e-con-boxed e-con e-parent\" data-id=\"ed020f9\" data-element_type=\"container\" data-e-type=\"container\">\n\t\t\t\t\t<div class=\"e-con-inner\">\n\t\t\t\t<div class=\"elementor-element elementor-element-286e8df elementor-widget elementor-widget-heading\" data-id=\"286e8df\" data-element_type=\"widget\" data-e-type=\"widget\" data-widget_type=\"heading.default\">\n\t\t\t\t\t<h1 class=\"elementor-heading-title elementor-size-default\">IMPRINT<\/h1>\t\t\t\t<\/div>\n\t\t\t\t<div class=\"elementor-element elementor-element-76ccd5c elementor-widget elementor-widget-heading\" data-id=\"76ccd5c\" data-element_type=\"widget\" data-e-type=\"widget\" data-widget_type=\"heading.default\">\n\t\t\t\t\t<h2 class=\"elementor-heading-title elementor-size-default\">Information according to \u00a75 DGG<\/h2>\t\t\t\t<\/div>\n\t\t\t\t\t<\/div>\n\t\t\t\t<\/div>\n\t\t<div class=\"elementor-element elementor-element-d766b0a e-flex e-con-boxed e-con e-parent\" data-id=\"d766b0a\" data-element_type=\"container\" data-e-type=\"container\">\n\t\t\t\t\t<div class=\"e-con-inner\">\n\t\t<div class=\"elementor-element elementor-element-1043d48 e-con-full e-flex e-con e-child\" data-id=\"1043d48\" data-element_type=\"container\" data-e-type=\"container\">\n\t\t\t\t<div class=\"elementor-element elementor-element-9196ca1 elementor-widget elementor-widget-text-editor\" data-id=\"9196ca1\" data-element_type=\"widget\" data-e-type=\"widget\" data-widget_type=\"text-editor.default\">\n\t\t\t\t\t\t\t\t\t<p><b>CORTEX Biophysik GmbH<br \/><\/b>Walter-K\u00f6hn-Str. 2d<br \/>04356 Leipzig\/Deutschland<br \/>Telefon: +49(0)341 \u2013 487 49-0<br \/>Telefax: +49(0)341 \u2013 487 49-50<br \/>E-Mail: info@cortex-medical.com<\/p><p><strong>Managing Director of CORTEX Biophysik GmbH<\/strong><br \/>Markus Siepmann,<br \/>Viviane Nagel,<br \/>Dr. Andreas G\u00fcnther<\/p>\t\t\t\t\t\t\t\t<\/div>\n\t\t\t\t<\/div>\n\t\t<div class=\"elementor-element elementor-element-e1bf204 e-con-full e-flex e-con e-child\" data-id=\"e1bf204\" data-element_type=\"container\" data-e-type=\"container\">\n\t\t\t\t<div class=\"elementor-element elementor-element-5f36dc8 elementor-widget elementor-widget-text-editor\" data-id=\"5f36dc8\" data-element_type=\"widget\" data-e-type=\"widget\" data-widget_type=\"text-editor.default\">\n\t\t\t\t\t\t\t\t\t<p><b>Register court:<\/b> Local court Leipzig<br \/><b>Register number:<\/b> HRB 28 78<br \/><b>Sales tax identification number<\/b> acc.<br \/>\u00a7 27a Value Added Tax Act: DE 141488253<\/p><p><strong>Contact person web content:<\/strong><br \/>Leoni Wagner<br \/>phone:\u00a0+49 341 48749-0<\/p>\t\t\t\t\t\t\t\t<\/div>\n\t\t\t\t<\/div>\n\t\t\t\t\t<\/div>\n\t\t\t\t<\/div>\n\t\t<div class=\"elementor-element elementor-element-a70c928 e-flex e-con-boxed e-con e-parent\" data-id=\"a70c928\" data-element_type=\"container\" data-e-type=\"container\">\n\t\t\t\t\t<div class=\"e-con-inner\">\n\t\t\t\t<div class=\"elementor-element elementor-element-30d48e5 elementor-widget elementor-widget-heading\" data-id=\"30d48e5\" data-element_type=\"widget\" data-e-type=\"widget\" data-widget_type=\"heading.default\">\n\t\t\t\t\t<h2 class=\"elementor-heading-title elementor-size-default\">Copyright<\/h2>\t\t\t\t<\/div>\n\t\t\t\t<div class=\"elementor-element elementor-element-a4788ce elementor-widget elementor-widget-text-editor\" data-id=\"a4788ce\" data-element_type=\"widget\" data-e-type=\"widget\" data-widget_type=\"text-editor.default\">\n\t\t\t\t\t\t\t\t\t<p>The copyrights for all published images, graphics and texts, unless expressly stated otherwise, are held by Cortex Biophysik GmbH. Any use or further use requires the express permission of Cortex Biophysik GmbH. Infringements will be prosecuted.<\/p>\t\t\t\t\t\t\t\t<\/div>\n\t\t\t\t\t<\/div>\n\t\t\t\t<\/div>\n\t\t<div class=\"elementor-element elementor-element-bd6e190 e-flex e-con-boxed e-con e-parent\" data-id=\"bd6e190\" data-element_type=\"container\" data-e-type=\"container\">\n\t\t\t\t\t<div class=\"e-con-inner\">\n\t\t\t\t<div class=\"elementor-element elementor-element-ff76550 elementor-widget elementor-widget-heading\" data-id=\"ff76550\" data-element_type=\"widget\" data-e-type=\"widget\" data-widget_type=\"heading.default\">\n\t\t\t\t\t<h2 class=\"elementor-heading-title elementor-size-default\">Important Note<\/h2>\t\t\t\t<\/div>\n\t\t\t\t<div class=\"elementor-element elementor-element-1caa1cb elementor-widget elementor-widget-text-editor\" data-id=\"1caa1cb\" data-element_type=\"widget\" data-e-type=\"widget\" data-widget_type=\"text-editor.default\">\n\t\t\t\t\t\t\t\t\tIn its judgment of May 12, 1998 - 312 O 85\/98 - Liability for links, the Hamburg Regional Court ruled that the inclusion of a link may entail co-responsibility for the content of the linked page. This can only be prevented by expressly distancing oneself from these contents. We hereby expressly distance ourselves from all contents of all linked pages that were changed after the link was created. This statement applies to all links set within our own website.\nFor illegal, incorrect or incomplete contents and in particular for damages resulting from the use or non-use of such information, only the provider of the page to which reference is made is liable, not the person who merely refers to the respective publication via links. Individual projects are funded by the European Union and the Free State of Saxony.\t\t\t\t\t\t\t\t<\/div>\n\t\t\t\t\t<\/div>\n\t\t\t\t<\/div>\n\t\t<div class=\"elementor-element elementor-element-114584a e-flex e-con-boxed e-con e-parent\" data-id=\"114584a\" data-element_type=\"container\" data-e-type=\"container\">\n\t\t\t\t\t<div class=\"e-con-inner\">\n\t\t\t\t<div class=\"elementor-element elementor-element-3e63a39 elementor-widget elementor-widget-heading\" data-id=\"3e63a39\" data-element_type=\"widget\" data-e-type=\"widget\" data-widget_type=\"heading.default\">\n\t\t\t\t\t<h2 class=\"elementor-heading-title elementor-size-default\">Terms and Conditions<\/h2>\t\t\t\t<\/div>\n\t\t\t\t<div class=\"elementor-element elementor-element-0e17ec4 elementor-widget elementor-widget-text-editor\" data-id=\"0e17ec4\" data-element_type=\"widget\" data-e-type=\"widget\" data-widget_type=\"text-editor.default\">\n\t\t\t\t\t\t\t\t\tOur Terms and Conditions of Sale apply exclusively; we do not recognize any terms and conditions of the customer that conflict with or deviate from our Terms and Conditions of Sale unless we have expressly agreed to their validity in writing. Our Terms and Conditions of Sale shall also apply if we carry out the delivery to the customer without reservation in the knowledge that the customer's terms and conditions conflict with or deviate from our Terms and Conditions of Sale.\t\t\t\t\t\t\t\t<\/div>\n\t\t\t\t\t<\/div>\n\t\t\t\t<\/div>\n\t\t\t\t<\/div>","protected":false},"excerpt":{"rendered":"<p>IMPRESSUM Angaben gem\u00e4\u00df \u00a75 DGG CORTEX Biophysik GmbHWalter-K\u00f6hn-Str. 2d04356 Leipzig\/DeutschlandTelefon: +49(0)341 &#8211; 487 49-0Telefax: +49(0)341 &#8211; 487 49-50E-Mail: info@cortex-medical.com Gesch\u00e4ftsf\u00fchrer der CORTEX Biophysik GmbHMarkus Siepmann,Viviane Nagel,Dr. Andreas G\u00fcnther Registergericht: Amtsgericht LeipzigRegisternummer: HRB 28 78Umsatzsteueridentifikationsnummer gem.\u00a7 27a Umsatzsteuergesetz.: DE 141488253 Ansprechpartner Webinhalt:Leoni WagnerTel.:\u00a0+49 341 48749-0 Copyright Die Copyrights f\u00fcr alle ver\u00f6ffentlichten Bilder, Grafiken und Texte, wenn [&hellip;]<\/p>\n","protected":false},"author":1,"featured_media":0,"parent":0,"menu_order":0,"comment_status":"closed","ping_status":"closed","template":"","meta":{"footnotes":""},"class_list":["post-1011","page","type-page","status-publish","hentry"],"_links":{"self":[{"href":"https:\/\/cortex21.com\/en\/wp-json\/wp\/v2\/pages\/1011","targetHints":{"allow":["GET"]}}],"collection":[{"href":"https:\/\/cortex21.com\/en\/wp-json\/wp\/v2\/pages"}],"about":[{"href":"https:\/\/cortex21.com\/en\/wp-json\/wp\/v2\/types\/page"}],"author":[{"embeddable":true,"href":"https:\/\/cortex21.com\/en\/wp-json\/wp\/v2\/users\/1"}],"replies":[{"embeddable":true,"href":"https:\/\/cortex21.com\/en\/wp-json\/wp\/v2\/comments?post=1011"}],"version-history":[{"count":10,"href":"https:\/\/cortex21.com\/en\/wp-json\/wp\/v2\/pages\/1011\/revisions"}],"predecessor-version":[{"id":1348,"href":"https:\/\/cortex21.com\/en\/wp-json\/wp\/v2\/pages\/1011\/revisions\/1348"}],"wp:attachment":[{"href":"https:\/\/cortex21.com\/en\/wp-json\/wp\/v2\/media?parent=1011"}],"curies":[{"name":"wp","href":"https:\/\/api.w.org\/{rel}","templated":true}]}}